{"id":18,"date":"2019-11-03T23:41:44","date_gmt":"2019-11-03T22:41:44","guid":{"rendered":"http:\/\/dominik-polska.pl\/?page_id=18"},"modified":"2019-11-04T20:42:51","modified_gmt":"2019-11-04T19:42:51","slug":"rodo","status":"publish","type":"page","link":"http:\/\/dominik-polska.pl\/index.php\/rodo\/","title":{"rendered":"RODO"},"content":{"rendered":"\n<p style=\"text-align:center\"><strong>Klauzule informacyjne dla kontrahent\u00f3w oraz os\u00f3b zatrudnionych.<\/strong><\/p>\n\n\n\n<p>W tym dziale zamieszczamy klauzule informacyjne dla os\u00f3b zatrudnionych oraz kontrahent\u00f3w Dominik Polska Sp. z o.o. oraz Dominik Polska Services Sp. z o.o.<\/p>\n","protected":false},"excerpt":{"rendered":"<p>Klauzule informacyjne dla kontrahent\u00f3w oraz os\u00f3b zatrudnionych. W tym dziale zamieszczamy klauzule informacyjne dla os\u00f3b zatrudnionych oraz kontrahent\u00f3w Dominik Polska Sp. z o.o. oraz Dominik Polska Services Sp. z o.o.<\/p>\n","protected":false},"author":1,"featured_media":0,"parent":0,"menu_order":0,"comment_status":"closed","ping_status":"closed","template":"","meta":[],"_links":{"self":[{"href":"http:\/\/dominik-polska.pl\/index.php\/wp-json\/wp\/v2\/pages\/18"}],"collection":[{"href":"http:\/\/dominik-polska.pl\/index.php\/wp-json\/wp\/v2\/pages"}],"about":[{"href":"http:\/\/dominik-polska.pl\/index.php\/wp-json\/wp\/v2\/types\/page"}],"author":[{"embeddable":true,"href":"http:\/\/dominik-polska.pl\/index.php\/wp-json\/wp\/v2\/users\/1"}],"replies":[{"embeddable":true,"href":"http:\/\/dominik-polska.pl\/index.php\/wp-json\/wp\/v2\/comments?post=18"}],"version-history":[{"count":4,"href":"http:\/\/dominik-polska.pl\/index.php\/wp-json\/wp\/v2\/pages\/18\/revisions"}],"predecessor-version":[{"id":63,"href":"http:\/\/dominik-polska.pl\/index.php\/wp-json\/wp\/v2\/pages\/18\/revisions\/63"}],"wp:attachment":[{"href":"http:\/\/dominik-polska.pl\/index.php\/wp-json\/wp\/v2\/media?parent=18"}],"curies":[{"name":"wp","href":"https:\/\/api.w.org\/{rel}","templated":true}]}}